{"id":2921,"date":"2024-03-21T09:58:04","date_gmt":"2024-03-21T12:58:04","guid":{"rendered":"https:\/\/iamentoria.com.br\/?page_id=2921"},"modified":"2024-03-27T11:41:08","modified_gmt":"2024-03-27T14:41:08","slug":"delmiro-campos-guia-eleitoral-eleicoes-2024","status":"publish","type":"page","link":"https:\/\/iamentoria.com.br\/index.php\/delmiro-campos-guia-eleitoral-eleicoes-2024\/","title":{"rendered":"Delmiro Campos &#8211; GUIA ELEITORAL \u2013 ELEI\u00c7\u00d5ES 2024"},"content":{"rendered":"<section>\n<h2>ELEI\u00c7\u00d5ES MUNICIPAIS 2024<\/h2>\n<h3>Este guia eleitoral \u00e9 fonte de informa\u00e7\u00f5es e t\u00e9cnicas para atuar nas elei\u00e7\u00f5es e foi desenvolvido para advogados(as) e estagi\u00e1rios(as), candidatos(as), dirigentes partid\u00e1rios e profissionais de marketing e jornalismo, oferecendo um panorama das estrat\u00e9gias legais e de comunica\u00e7\u00e3o necess\u00e1rias para atuar com efic\u00e1cia no ambiente eleitoral. Prepare-se para enfrentar os desafios eleitorais com conhecimento e confian\u00e7a.<\/h3>\n<\/section>\n<style>\/*! elementor - v3.20.0 - 26-03-2024 *\/\n.elementor-heading-title{padding:0;margin:0;line-height:1}.elementor-widget-heading .elementor-heading-title[class*=elementor-size-]>a{color:inherit;font-size:inherit;line-height:inherit}.elementor-widget-heading .elementor-heading-title.elementor-size-small{font-size:15px}.elementor-widget-heading .elementor-heading-title.elementor-size-medium{font-size:19px}.elementor-widget-heading .elementor-heading-title.elementor-size-large{font-size:29px}.elementor-widget-heading .elementor-heading-title.elementor-size-xl{font-size:39px}.elementor-widget-heading .elementor-heading-title.elementor-size-xxl{font-size:59px}<\/style>\n<h2>Guia Eletr\u00f4nico + B\u00f4nus (audiobook)<\/h2>\n<h2>Conhe\u00e7a o autor:<\/h2>\n<style>\/*! elementor - v3.20.0 - 26-03-2024 *\/\n.elementor-widget-image{text-align:center}.elementor-widget-image a{display:inline-block}.elementor-widget-image a img[src$=\".svg\"]{width:48px}.elementor-widget-image img{vertical-align:middle;display:inline-block}<\/style>\n<p>\t\t\t\t\t\t\t\t\t\t<img decoding=\"async\" width=\"1707\" height=\"2560\" src=\"https:\/\/iamentoria.com.br\/wp-content\/uploads\/2024\/03\/WhatsApp-Image-2024-03-21-at-4.35.59-PM-scaled.jpeg\" alt=\"\" srcset=\"https:\/\/iamentoria.com.br\/wp-content\/uploads\/2024\/03\/WhatsApp-Image-2024-03-21-at-4.35.59-PM-scaled.jpeg 1707w, https:\/\/iamentoria.com.br\/wp-content\/uploads\/2024\/03\/WhatsApp-Image-2024-03-21-at-4.35.59-PM-1024x1536.jpeg 1024w, https:\/\/iamentoria.com.br\/wp-content\/uploads\/2024\/03\/WhatsApp-Image-2024-03-21-at-4.35.59-PM-1365x2048.jpeg 1365w, https:\/\/iamentoria.com.br\/wp-content\/uploads\/2024\/03\/WhatsApp-Image-2024-03-21-at-4.35.59-PM-200x300.jpeg 200w\" sizes=\"(max-width: 1707px) 100vw, 1707px\" \/>\t\t\t\t\t\t\t\t\t\t\t\t\t<\/p>\n<p>Delmiro Campos \u00e9 advogado, especialista em Direito Eleitoral e possui experi\u00eancia nacional, tendo tido a oportunidade de exercer os cargos de Desembargador Eleitoral no TRE\/PE e tam\u00e9m Diretor da Escola Judici\u00e1ria Eleitoral de Pernambuco (2017-2020), onde chegou a presidir o CDDEJE (2019-2020). No campo da Ordem dos Advogados do Brasil, foi membro consultor da Escola Superior da Advocacia Nacional e presidente a Comiss\u00e3o Especial de Estudos da Reforma Pol\u00edtica do Conselho Federal, se destacando ainda na defesa de pol\u00edticas p\u00fablicas de inser\u00e7\u00e3o de mat\u00e9rias dedicadas \u00e0 defesa da democracia ainda no ensino fundamental.<br \/>Autor do guia eleitoral dedicado \u00e0s elei\u00e7\u00f5es 2024, Delmiro e sua equipe compartilham suas experi\u00eancias com o pr\u00f3prosito de contribuir e auxilar \u00e0 advocacia eleitoralista, candidatos e candidatas, partidos pol\u00edticos e dirigentes partid\u00e1rios, bem assim outros profissionais que se dedicam ao processo eleitoral.<\/p>\n<link rel=\"stylesheet\" href=\"https:\/\/iamentoria.com.br\/wp-content\/plugins\/elementor-pro\/assets\/css\/widget-animated-headline.min.css\">\n<h3>\n\t\t\t\t\tVantagens<br \/>\n\t\t\t\t\t\u00daNICAS<br \/>\n\t\t\t\t\tdo e-book<br \/>\n\t\t\t\t\t<\/h3>\n<link rel=\"stylesheet\" href=\"https:\/\/iamentoria.com.br\/wp-content\/plugins\/elementor\/assets\/css\/widget-icon-list.min.css\">\n<ul>\n<li>\n\t\t\t\t\t\t\t\t\t\tExpertise de Delmiro Campos e sua equipe com acesso direto ao conhecimento de um renomado escrit\u00f3rio especialista em direito eleitoral;\n\t\t\t\t\t\t\t\t\t<\/li>\n<li>\n\t\t\t\t\t\t\t\t\t\tLegisla\u00e7\u00e3o atualizada: conte\u00fado atualizado com as \u00faltimas resolu\u00e7\u00f5es do Tribunal Superior Eleitoral, orienta\u00e7\u00f5es jurisprudenciais, tudo em compasse com as recentes mudan\u00e7as legislativas;\n\t\t\t\t\t\t\t\t\t<\/li>\n<li>\n\t\t\t\t\t\t\t\t\t\tClareza e acessibilidade atrav\u00e9s de explica\u00e7\u00f5es claras e diretas, tornando o direito eleitoral acess\u00edvel a todos(as) os(as) envolvidos(as) na campanha;\n\t\t\t\t\t\t\t\t\t<\/li>\n<li>\n\t\t\t\t\t\t\t\t\t\tEstrat\u00e9gias para engajar eleitores de maneira efetiva, respeitando a legisla\u00e7\u00e3o;\n\t\t\t\t\t\t\t\t\t<\/li>\n<li>\n\t\t\t\t\t\t\t\t\t\tDefesa de uma postura assertiva contra a desinforma\u00e7\u00e3o nas elei\u00e7\u00f5es e a indica\u00e7\u00e3o de medidas de combate e prote\u00e7\u00e3o das fakes news.\n\t\t\t\t\t\t\t\t\t<\/li>\n<\/ul>\n<style>\/*! elementor - v3.20.0 - 26-03-2024 *\/\n.elementor-widget-divider{--divider-border-style:none;--divider-border-width:1px;--divider-color:#0c0d0e;--divider-icon-size:20px;--divider-element-spacing:10px;--divider-pattern-height:24px;--divider-pattern-size:20px;--divider-pattern-url:none;--divider-pattern-repeat:repeat-x}.elementor-widget-divider .elementor-divider{display:flex}.elementor-widget-divider .elementor-divider__text{font-size:15px;line-height:1;max-width:95%}.elementor-widget-divider .elementor-divider__element{margin:0 var(--divider-element-spacing);flex-shrink:0}.elementor-widget-divider .elementor-icon{font-size:var(--divider-icon-size)}.elementor-widget-divider .elementor-divider-separator{display:flex;margin:0;direction:ltr}.elementor-widget-divider--view-line_icon .elementor-divider-separator,.elementor-widget-divider--view-line_text .elementor-divider-separator{align-items:center}.elementor-widget-divider--view-line_icon .elementor-divider-separator:after,.elementor-widget-divider--view-line_icon .elementor-divider-separator:before,.elementor-widget-divider--view-line_text .elementor-divider-separator:after,.elementor-widget-divider--view-line_text .elementor-divider-separator:before{display:block;content:\"\";border-block-end:0;flex-grow:1;border-block-start:var(--divider-border-width) var(--divider-border-style) var(--divider-color)}.elementor-widget-divider--element-align-left .elementor-divider .elementor-divider-separator>.elementor-divider__svg:first-of-type{flex-grow:0;flex-shrink:100}.elementor-widget-divider--element-align-left .elementor-divider-separator:before{content:none}.elementor-widget-divider--element-align-left .elementor-divider__element{margin-left:0}.elementor-widget-divider--element-align-right .elementor-divider .elementor-divider-separator>.elementor-divider__svg:last-of-type{flex-grow:0;flex-shrink:100}.elementor-widget-divider--element-align-right .elementor-divider-separator:after{content:none}.elementor-widget-divider--element-align-right .elementor-divider__element{margin-right:0}.elementor-widget-divider--element-align-start .elementor-divider .elementor-divider-separator>.elementor-divider__svg:first-of-type{flex-grow:0;flex-shrink:100}.elementor-widget-divider--element-align-start .elementor-divider-separator:before{content:none}.elementor-widget-divider--element-align-start .elementor-divider__element{margin-inline-start:0}.elementor-widget-divider--element-align-end .elementor-divider .elementor-divider-separator>.elementor-divider__svg:last-of-type{flex-grow:0;flex-shrink:100}.elementor-widget-divider--element-align-end .elementor-divider-separator:after{content:none}.elementor-widget-divider--element-align-end .elementor-divider__element{margin-inline-end:0}.elementor-widget-divider:not(.elementor-widget-divider--view-line_text):not(.elementor-widget-divider--view-line_icon) .elementor-divider-separator{border-block-start:var(--divider-border-width) var(--divider-border-style) var(--divider-color)}.elementor-widget-divider--separator-type-pattern{--divider-border-style:none}.elementor-widget-divider--separator-type-pattern.elementor-widget-divider--view-line .elementor-divider-separator,.elementor-widget-divider--separator-type-pattern:not(.elementor-widget-divider--view-line) .elementor-divider-separator:after,.elementor-widget-divider--separator-type-pattern:not(.elementor-widget-divider--view-line) .elementor-divider-separator:before,.elementor-widget-divider--separator-type-pattern:not([class*=elementor-widget-divider--view]) .elementor-divider-separator{width:100%;min-height:var(--divider-pattern-height);-webkit-mask-size:var(--divider-pattern-size) 100%;mask-size:var(--divider-pattern-size) 100%;-webkit-mask-repeat:var(--divider-pattern-repeat);mask-repeat:var(--divider-pattern-repeat);background-color:var(--divider-color);-webkit-mask-image:var(--divider-pattern-url);mask-image:var(--divider-pattern-url)}.elementor-widget-divider--no-spacing{--divider-pattern-size:auto}.elementor-widget-divider--bg-round{--divider-pattern-repeat:round}.rtl .elementor-widget-divider .elementor-divider__text{direction:rtl}.e-con-inner>.elementor-widget-divider,.e-con>.elementor-widget-divider{width:var(--container-widget-width,100%);--flex-grow:var(--container-widget-flex-grow)}<\/style>\n<h2>CONHECIMENTO PR\u00c1TICO<\/h2>\n<h2>LEITURA OBJETIVA E DID\u00c1TICA<\/h2>\n<h2>PRE\u00c7O JUSTO E ACESS\u00cdVEL<\/h2>\n<p>\t\t\t<a href=\"https:\/\/iamentoria.com.br\/wp-content\/uploads\/2024\/03\/03041.mp3\" download=\"audiobook\"><br \/>\n\t\t\t\t\t\tBaixe o Audiobok<br \/>\n\t\t\t\t\t<\/a><br \/>\n\t\t\t\t\t\t\t\t\t\t\t\t\t<img decoding=\"async\" src=\"https:\/\/iamentoria.com.br\/wp-content\/uploads\/elementor\/thumbs\/seguro_e_confiavel-topo-qj4obeujg7zib9f9jn18238nc42v13dey6hyf3qvb4.webp\" title=\"seguro_e_confiavel-topo\" alt=\"seguro_e_confiavel-topo\" loading=\"lazy\" \/><br \/>\n\t\t\t\t\t\t\t\t\t\t\t\t\t<img decoding=\"async\" width=\"150\" height=\"150\" src=\"https:\/\/iamentoria.com.br\/wp-content\/uploads\/2024\/03\/lar-do-nenem-150x150.webp\" alt=\"\" srcset=\"https:\/\/iamentoria.com.br\/wp-content\/uploads\/2024\/03\/lar-do-nenem-150x150.webp 150w, https:\/\/iamentoria.com.br\/wp-content\/uploads\/2024\/03\/lar-do-nenem-200x200.webp 200w, https:\/\/iamentoria.com.br\/wp-content\/uploads\/2024\/03\/lar-do-nenem.webp 225w\" sizes=\"(max-width: 150px) 100vw, 150px\" \/>\t\t\t\t\t\t\t\t\t\t\t\t\t<\/p>\n<h2>Parte da arrecada\u00e7\u00e3o ser\u00e1 destinada ao Lar do Nen\u00e9m<\/h2>\n<p>\t\t\t\t+<br \/>\n\t\t\t\t0<br \/>\n\t\t\t\t\t\t\tElei\u00e7\u00f5es<br \/>\n\t\t\t\t+<br \/>\n\t\t\t\t0<br \/>\n\t\t\t\t\t\t\tAnos de Advocacia<br \/>\n\t\t\t\t+<br \/>\n\t\t\t\t0<br \/>\n\t\t\t\t\t\t\tCongressos, semin\u00e1rios e encontros acad\u00eamicos<\/p>\n","protected":false},"excerpt":{"rendered":"<p>ELEI\u00c7\u00d5ES MUNICIPAIS 2024 Este guia eleitoral \u00e9 fonte de informa\u00e7\u00f5es e t\u00e9cnicas para atuar nas elei\u00e7\u00f5es e foi desenvolvido para advogados(as) e estagi\u00e1rios(as), candidatos(as), dirigentes partid\u00e1rios e profissionais de marketing e jornalismo, oferecendo um panorama das estrat\u00e9gias legais e de comunica\u00e7\u00e3o necess\u00e1rias para atuar com efic\u00e1cia no ambiente eleitoral. Prepare-se para enfrentar os desafios eleitorais [&hellip;]<\/p>\n","protected":false},"author":2,"featured_media":0,"parent":0,"menu_order":0,"comment_status":"closed","ping_status":"closed","template":"","meta":{"cos_headline_score":0,"cos_seo_score":0,"cos_headline_text":"Delmiro Campos - GUIA ELEITORAL \u2013 ELEI\u00c7\u00d5ES 2024","cos_headline_has_been_analyzed":false,"cos_last_analyzed_headline":[],"footnotes":""},"class_list":["post-2921","page","type-page","status-publish","hentry"],"aioseo_notices":[],"_links":{"self":[{"href":"https:\/\/iamentoria.com.br\/index.php\/wp-json\/wp\/v2\/pages\/2921","targetHints":{"allow":["GET"]}}],"collection":[{"href":"https:\/\/iamentoria.com.br\/index.php\/wp-json\/wp\/v2\/pages"}],"about":[{"href":"https:\/\/iamentoria.com.br\/index.php\/wp-json\/wp\/v2\/types\/page"}],"author":[{"embeddable":true,"href":"https:\/\/iamentoria.com.br\/index.php\/wp-json\/wp\/v2\/users\/2"}],"replies":[{"embeddable":true,"href":"https:\/\/iamentoria.com.br\/index.php\/wp-json\/wp\/v2\/comments?post=2921"}],"version-history":[{"count":139,"href":"https:\/\/iamentoria.com.br\/index.php\/wp-json\/wp\/v2\/pages\/2921\/revisions"}],"predecessor-version":[{"id":3127,"href":"https:\/\/iamentoria.com.br\/index.php\/wp-json\/wp\/v2\/pages\/2921\/revisions\/3127"}],"wp:attachment":[{"href":"https:\/\/iamentoria.com.br\/index.php\/wp-json\/wp\/v2\/media?parent=2921"}],"curies":[{"name":"wp","href":"https:\/\/api.w.org\/{rel}","templated":true}]}}